{"id":44,"date":"2016-07-07T15:51:12","date_gmt":"2016-07-07T13:51:12","guid":{"rendered":"http:\/\/etudesopinion.fr\/?page_id=44"},"modified":"2022-02-06T22:15:47","modified_gmt":"2022-02-06T21:15:47","slug":"data-mining","status":"publish","type":"page","link":"https:\/\/lefilsarl.fr\/?page_id=44","title":{"rendered":"Conseil en strat\u00e9gie d&rsquo;opinion"},"content":{"rendered":"\n<p class=\"has-drop-cap has-normal-font-size\">A l\u2019heure de l&rsquo;information en continu et des r\u00e9seaux sociaux, les d\u00e9cideurs &#8211; politiques ou \u00e9conomiques &#8211; et les marques sont de plus en plus expos\u00e9s. Disposer d\u2019une strat\u00e9gie d\u2019opinion s\u2019impose d\u00e8s lors pour tout responsable de haut niveau, pour les grandes entreprises et les institutions.<\/p>\n\n\n\n<p class=\"has-normal-font-size\">Nos missions consistent dans un premier temps \u00e0 analyser en profondeur l&rsquo;<strong>image<\/strong> d&rsquo;une entreprise, d&rsquo;une institution, d&rsquo;un responsable politique, d&rsquo;\u00e9valuer et de suivre sa <strong>r\u00e9putation<\/strong> (monitoring r\u00e9seaux sociaux), de faire le <strong>bilan d\u2019une action<\/strong> ou d\u2019un positionnement, de d\u00e9gager les points forts et points faibles de la <strong>satisfaction client,<\/strong> d&rsquo;<strong>auditer la communication<\/strong>, sans oublier les <strong>\u00e9l\u00e9ments de contexte <\/strong>&#8211; enjeux de soci\u00e9t\u00e9 et attitudes, comportements et attentes des citoyens, consommateurs et autres populations cibles (actionnaires, prescripteurs&#8230;). Il s&rsquo;agit de fournir une information fiable et pertinente sur le positionnement du client et l&rsquo;environnement d&rsquo;opinion par rapport \u00e0 ses probl\u00e9matiques.<\/p>\n\n\n\n<p class=\"has-normal-font-size\">Forts de ces diagnostics &#8211; et d&rsquo;une exp\u00e9rience de 20 ans dans le suivi et la compr\u00e9hension des ph\u00e9nom\u00e8nes d&rsquo;opinion &#8211; nous cherchons \u00e0 produire de \u00ab\u00a0l&rsquo;intelligence d&rsquo;opinion\u00a0\u00bb au sens anglo-saxon du terme, en ne nous contentant pas de paraphraser les tableaux de chiffres mais en proposant une lecture r\u00e9fl\u00e9chie \/ angl\u00e9e \/construite des donn\u00e9es recueillies, qui s&rsquo;accompagne de recommandations strat\u00e9giques et op\u00e9rationnelles. Nous \u00e9laborons une <strong>\u00ab\u00a0boite \u00e0 id\u00e9es\u00a0\u00bb de strat\u00e9gies possibles, fond\u00e9es sur les leviers et argumentaires les plus efficaces pour convaincre du bien-fond\u00e9 d\u2019une action, d\u2019un changement, d&rsquo;un engagement.<\/strong><\/p>\n\n\n\n<p class=\"has-normal-font-size\">Nos outils et m\u00e9thodes ont \u00e9t\u00e9 initialement d\u00e9velopp\u00e9s dans le champ politique (conseil \u00e9lus, campagnes \u00e9lectorales), et s&rsquo;appliquent aujourd&rsquo;hui avec efficacit\u00e9 au secteur corporate.<\/p>\n\n\n\n<p><\/p>\n\n\n\n<p><\/p>\n","protected":false},"excerpt":{"rendered":"<p>Analyse d&rsquo;image, diagnostic et monitoring de r\u00e9putation (r\u00e9seaux sociaux), environnement d&rsquo;opinion&#8230; Ces informations sont synth\u00e9tis\u00e9es pour \u00e9tablir une boite \u00e0 id\u00e9es de strat\u00e9gies possibles pour convaincre du bien-fond\u00e9 d&rsquo;une action, d&rsquo;un changement, d&rsquo;un engagement.<\/p>\n","protected":false},"author":1,"featured_media":0,"parent":0,"menu_order":0,"comment_status":"closed","ping_status":"closed","template":"template-fullwidth.php","meta":{"footnotes":""},"class_list":["post-44","page","type-page","status-publish","hentry"],"_links":{"self":[{"href":"https:\/\/lefilsarl.fr\/index.php?rest_route=\/wp\/v2\/pages\/44","targetHints":{"allow":["GET"]}}],"collection":[{"href":"https:\/\/lefilsarl.fr\/index.php?rest_route=\/wp\/v2\/pages"}],"about":[{"href":"https:\/\/lefilsarl.fr\/index.php?rest_route=\/wp\/v2\/types\/page"}],"author":[{"embeddable":true,"href":"https:\/\/lefilsarl.fr\/index.php?rest_route=\/wp\/v2\/users\/1"}],"replies":[{"embeddable":true,"href":"https:\/\/lefilsarl.fr\/index.php?rest_route=%2Fwp%2Fv2%2Fcomments&post=44"}],"version-history":[{"count":19,"href":"https:\/\/lefilsarl.fr\/index.php?rest_route=\/wp\/v2\/pages\/44\/revisions"}],"predecessor-version":[{"id":1084,"href":"https:\/\/lefilsarl.fr\/index.php?rest_route=\/wp\/v2\/pages\/44\/revisions\/1084"}],"wp:attachment":[{"href":"https:\/\/lefilsarl.fr\/index.php?rest_route=%2Fwp%2Fv2%2Fmedia&parent=44"}],"curies":[{"name":"wp","href":"https:\/\/api.w.org\/{rel}","templated":true}]}}