{"id":508,"date":"2020-06-30T18:19:28","date_gmt":"2020-06-30T16:19:28","guid":{"rendered":"http:\/\/etudesopinion.fr\/?page_id=508"},"modified":"2022-02-02T13:30:58","modified_gmt":"2022-02-02T12:30:58","slug":"randombox-realisation-de-tirage-au-sort","status":"publish","type":"page","link":"https:\/\/lefilsarl.fr\/?page_id=508","title":{"rendered":"RandomBox : r\u00e9alisation de tirages au sort"},"content":{"rendered":"\n<p class=\"has-drop-cap\">A l&rsquo;occasion de la campagne \u00e9lectorale Pr\u00e9sidentielle 2017, Beno\u00eet Hamon a souhait\u00e9 faire participer des citoyens, tir\u00e9s au sort, \u00e0 l&rsquo;\u00e9laboration de son projet. Missionn\u00e9s pour r\u00e9aliser ce tirage sous contr\u00f4le d&rsquo;huissier, nous avons d\u00e9velopp\u00e9 la randombox, un outil permettant de s\u00e9lectionner de mani\u00e8re al\u00e9atoire les 40 membres du Conseil citoyen, plus 80 suppl\u00e9ants, parmi environ 6000 volontaires. Il s&rsquo;agissait surtout de respecter les quotas socio-d\u00e9mographiques souhait\u00e9s pour cette exp\u00e9rience&nbsp;: parit\u00e9 stricte, bonne repr\u00e9sentativit\u00e9 en termes d&rsquo;\u00e2ge, de r\u00e9gion d&rsquo;habitation et de cat\u00e9gorie socio-professionnelle, afin de coller au maximum \u00e0 la structure de la population fran\u00e7aise, telle que d\u00e9crite par l&rsquo;INSEE.<\/p>\n\n\n\n<p>La randombox a \u00e9t\u00e9 r\u00e9utilis\u00e9e \u00e0 plusieurs reprises pour d&rsquo;autres tirages au sort, selon le m\u00eame principe d&rsquo;\u00e9chantillonnage : s\u00e9lection al\u00e9atoire d&rsquo;individus dans une base plus ou moins large (il n&rsquo;y a pas de limite), en respectant des quotas pr\u00e9-d\u00e9finis avec notre client. A chaque fois, les tirages ont \u00e9t\u00e9 contr\u00f4l\u00e9s et certifi\u00e9s par un huissier de justice. L&rsquo;inspection a notamment port\u00e9 sur notre m\u00e9thodologie, l&rsquo;algorithme et le codage informatique, l&rsquo;environnement technique, le cryptage des donn\u00e9es et l&rsquo;ensemble des \u00e9l\u00e9ments de s\u00e9curit\u00e9.<\/p>\n\n\n\n<hr class=\"wp-block-separator\"\/>\n\n\n\n<p class=\"has-text-align-center\"><em>Article du quotidien de Lib\u00e9ration, d\u00e9crivant le tirage au sort du Conseil citoyen r\u00e9alis\u00e9 pour la campagne Hamon 2017 :<\/em><\/p>\n\n\n<a href=\"https:\/\/lefilsarl.fr\/wp-content\/uploads\/2022\/02\/On-a-suivi-le-tirage-au-sort-du-conseil-citoyen-de-Benoi\u0302t-Hamon-Libe\u0301ration-2.pdf\" class=\"pdfemb-viewer\" style=\"\" data-width=\"max\" data-height=\"max\" data-toolbar=\"both\" data-toolbar-fixed=\"on\">On-a-suivi-le-tirage-au-sort-du-conseil-citoyen-de-Benoi\u0302t-Hamon-Libe\u0301ration-2<\/a>\n<p class=\"wp-block-pdfemb-pdf-embedder-viewer\"><\/p>\n\n\n\n<p><\/p>\n","protected":false},"excerpt":{"rendered":"<p>A l&rsquo;occasion de la campagne \u00e9lectorale Pr\u00e9sidentielle 2017, Beno\u00eet Hamon a souhait\u00e9 faire participer des citoyens, tir\u00e9s au sort, \u00e0 l&rsquo;\u00e9laboration de son projet. Missionn\u00e9s pour r\u00e9aliser ce tirage sous &#8230;<\/p>\n","protected":false},"author":1,"featured_media":0,"parent":0,"menu_order":0,"comment_status":"closed","ping_status":"closed","template":"template-fullwidth.php","meta":{"footnotes":""},"class_list":["post-508","page","type-page","status-publish","hentry"],"_links":{"self":[{"href":"https:\/\/lefilsarl.fr\/index.php?rest_route=\/wp\/v2\/pages\/508","targetHints":{"allow":["GET"]}}],"collection":[{"href":"https:\/\/lefilsarl.fr\/index.php?rest_route=\/wp\/v2\/pages"}],"about":[{"href":"https:\/\/lefilsarl.fr\/index.php?rest_route=\/wp\/v2\/types\/page"}],"author":[{"embeddable":true,"href":"https:\/\/lefilsarl.fr\/index.php?rest_route=\/wp\/v2\/users\/1"}],"replies":[{"embeddable":true,"href":"https:\/\/lefilsarl.fr\/index.php?rest_route=%2Fwp%2Fv2%2Fcomments&post=508"}],"version-history":[{"count":13,"href":"https:\/\/lefilsarl.fr\/index.php?rest_route=\/wp\/v2\/pages\/508\/revisions"}],"predecessor-version":[{"id":1063,"href":"https:\/\/lefilsarl.fr\/index.php?rest_route=\/wp\/v2\/pages\/508\/revisions\/1063"}],"wp:attachment":[{"href":"https:\/\/lefilsarl.fr\/index.php?rest_route=%2Fwp%2Fv2%2Fmedia&parent=508"}],"curies":[{"name":"wp","href":"https:\/\/api.w.org\/{rel}","templated":true}]}}